{"id":15,"date":"2026-02-11T14:39:07","date_gmt":"2026-02-11T14:39:07","guid":{"rendered":"https:\/\/ifl.jigo.lu\/?page_id=15"},"modified":"2026-02-17T15:20:26","modified_gmt":"2026-02-17T14:20:26","slug":"federatioun","status":"publish","type":"page","link":"https:\/\/ifl.jigo.lu\/?page_id=15","title":{"rendered":"Federatioun"},"content":{"rendered":"\r\n<div class=\"wp-block-columns is-layout-flex wp-container-core-columns-is-layout-9d6595d7 wp-block-columns-is-layout-flex\">\r\n<div class=\"wp-block-column is-layout-flow wp-block-column-is-layout-flow\" style=\"flex-basis: 100%;\">\r\n<figure class=\"wp-block-image\"><img decoding=\"async\" src=\"https:\/\/clubee-websites-prod.s3.eu-central-1.amazonaws.com\/3454\/files\/image\/63dcdadd6506a.jpeg\" alt=\"Comit\u00e9 d'organisation\" \/><\/figure>\r\n<\/div>\r\n<\/div>\r\n\r\n\r\n\r\n<h2 class=\"wp-block-heading\">Comit\u00e9 d&#8217;organisation<\/h2>\r\n\r\n\r\n\r\n<p>Marc Aardoom &#8211; Pr\u00e9sident<br \/>Gilles Faber &#8211; Vice Pr\u00e9sident an Member vum Comit\u00e9 Technique<br \/>Sandy Gerson &#8211; Caissi\u00e8re<br \/>Sebastian Lang &#8211; Comit\u00e9 Technique<br \/>Claude Trierweiler &#8211; Comit\u00e9 Technique<br \/>Tom Schaack &#8211; Sekret\u00e4r<br \/>Ben Krumlovsky &#8211; Member<\/p>\r\n\r\n\r\n\r\n<h2 class=\"wp-block-heading\"><strong>Dokumenter<\/strong><\/h2>\r\n\r\n\r\n\r\n<p><a href=\"https:\/\/ifl.jigo.lu\/wp-content\/uploads\/2026\/02\/OIR2024.pdf\"><img loading=\"lazy\" decoding=\"async\" class=\"wp-image-87 alignleft\" src=\"https:\/\/ifl.jigo.lu\/wp-content\/uploads\/2026\/02\/Pdf_icon_file.png\" alt=\"\" width=\"38\" height=\"38\" srcset=\"https:\/\/ifl.jigo.lu\/wp-content\/uploads\/2026\/02\/Pdf_icon_file.png 250w, https:\/\/ifl.jigo.lu\/wp-content\/uploads\/2026\/02\/Pdf_icon_file-150x150.png 150w\" sizes=\"auto, (max-width: 38px) 100vw, 38px\" \/>\u00a0Official Indiaca Rules ver 2024.pdf<\/a><\/p>\r\n\r\n\r\n\r\n<p><a href=\"https:\/\/ifl.jigo.lu\/wp-content\/uploads\/2026\/02\/Statuten2025.pdf\"><img loading=\"lazy\" decoding=\"async\" class=\"wp-image-87 alignleft\" src=\"https:\/\/ifl.jigo.lu\/wp-content\/uploads\/2026\/02\/Pdf_icon_file.png\" alt=\"\" width=\"38\" height=\"38\" srcset=\"https:\/\/ifl.jigo.lu\/wp-content\/uploads\/2026\/02\/Pdf_icon_file.png 250w, https:\/\/ifl.jigo.lu\/wp-content\/uploads\/2026\/02\/Pdf_icon_file-150x150.png 150w\" sizes=\"auto, (max-width: 38px) 100vw, 38px\" \/>Statuten2025.pdf<\/a><\/p>\r\n\r\n\r\n\r\n<p><a href=\"https:\/\/ifl.jigo.lu\/wp-content\/uploads\/2026\/02\/IFL_ROI.pdf\"><img loading=\"lazy\" decoding=\"async\" class=\"wp-image-87 alignleft\" src=\"https:\/\/ifl.jigo.lu\/wp-content\/uploads\/2026\/02\/Pdf_icon_file.png\" alt=\"\" width=\"38\" height=\"38\" srcset=\"https:\/\/ifl.jigo.lu\/wp-content\/uploads\/2026\/02\/Pdf_icon_file.png 250w, https:\/\/ifl.jigo.lu\/wp-content\/uploads\/2026\/02\/Pdf_icon_file-150x150.png 150w\" sizes=\"auto, (max-width: 38px) 100vw, 38px\" \/>IFL_ROI.pdf<\/a><\/p>\r\n\r\n\r\n\r\n<p><a href=\"https:\/\/ifl.jigo.lu\/wp-content\/uploads\/2026\/02\/IFL_Strofkatalog.pdf\"><img loading=\"lazy\" decoding=\"async\" class=\"wp-image-87 alignleft\" src=\"https:\/\/ifl.jigo.lu\/wp-content\/uploads\/2026\/02\/Pdf_icon_file.png\" alt=\"\" width=\"38\" height=\"38\" srcset=\"https:\/\/ifl.jigo.lu\/wp-content\/uploads\/2026\/02\/Pdf_icon_file.png 250w, https:\/\/ifl.jigo.lu\/wp-content\/uploads\/2026\/02\/Pdf_icon_file-150x150.png 150w\" sizes=\"auto, (max-width: 38px) 100vw, 38px\" \/>IFL_Strofkatalog.pdf<\/a><\/p>\r\n\r\n\r\n\r\n<p><a href=\"https:\/\/ifl.jigo.lu\/wp-content\/uploads\/2026\/02\/Scoresheet.pdf\"><img loading=\"lazy\" decoding=\"async\" class=\"wp-image-87 alignleft\" src=\"https:\/\/ifl.jigo.lu\/wp-content\/uploads\/2026\/02\/Pdf_icon_file.png\" alt=\"\" width=\"38\" height=\"38\" srcset=\"https:\/\/ifl.jigo.lu\/wp-content\/uploads\/2026\/02\/Pdf_icon_file.png 250w, https:\/\/ifl.jigo.lu\/wp-content\/uploads\/2026\/02\/Pdf_icon_file-150x150.png 150w\" sizes=\"auto, (max-width: 38px) 100vw, 38px\" \/>Scoresheet.pdf<\/a><\/p>\r\n\r\n\r\n\r\n<p><a href=\"https:\/\/ifl.jigo.lu\/wp-content\/uploads\/2026\/02\/Starting-5-Ziedelen-mat-Beispill.pdf\"><img loading=\"lazy\" decoding=\"async\" class=\"wp-image-87 alignleft\" src=\"https:\/\/ifl.jigo.lu\/wp-content\/uploads\/2026\/02\/Pdf_icon_file.png\" alt=\"\" width=\"38\" height=\"38\" srcset=\"https:\/\/ifl.jigo.lu\/wp-content\/uploads\/2026\/02\/Pdf_icon_file.png 250w, https:\/\/ifl.jigo.lu\/wp-content\/uploads\/2026\/02\/Pdf_icon_file-150x150.png 150w\" sizes=\"auto, (max-width: 38px) 100vw, 38px\" \/>Starting-5-Ziedelen-mat-Beispill.pdf<\/a><\/p>\r\n\r\n\r\n\r\n<p><a href=\"https:\/\/ifl.jigo.lu\/wp-content\/uploads\/2026\/02\/IFL_Demande_License.pdf\"><img loading=\"lazy\" decoding=\"async\" class=\"wp-image-87 alignleft\" src=\"https:\/\/ifl.jigo.lu\/wp-content\/uploads\/2026\/02\/Pdf_icon_file.png\" alt=\"\" width=\"38\" height=\"38\" srcset=\"https:\/\/ifl.jigo.lu\/wp-content\/uploads\/2026\/02\/Pdf_icon_file.png 250w, https:\/\/ifl.jigo.lu\/wp-content\/uploads\/2026\/02\/Pdf_icon_file-150x150.png 150w\" sizes=\"auto, (max-width: 38px) 100vw, 38px\" \/>IFL_Demande_License.pdf<\/a><\/p>\r\n","protected":false},"excerpt":{"rendered":"<p>Comit\u00e9 d&#8217;organisation Marc Aardoom &#8211; Pr\u00e9sidentGilles Faber &#8211; Vice Pr\u00e9sident an Member vum Comit\u00e9 TechniqueSandy [&hellip;]<\/p>\n","protected":false},"author":1,"featured_media":0,"parent":0,"menu_order":0,"comment_status":"closed","ping_status":"closed","template":"","meta":{"footnotes":""},"class_list":["post-15","page","type-page","status-publish","hentry"],"_links":{"self":[{"href":"https:\/\/ifl.jigo.lu\/index.php?rest_route=\/wp\/v2\/pages\/15","targetHints":{"allow":["GET"]}}],"collection":[{"href":"https:\/\/ifl.jigo.lu\/index.php?rest_route=\/wp\/v2\/pages"}],"about":[{"href":"https:\/\/ifl.jigo.lu\/index.php?rest_route=\/wp\/v2\/types\/page"}],"author":[{"embeddable":true,"href":"https:\/\/ifl.jigo.lu\/index.php?rest_route=\/wp\/v2\/users\/1"}],"replies":[{"embeddable":true,"href":"https:\/\/ifl.jigo.lu\/index.php?rest_route=%2Fwp%2Fv2%2Fcomments&post=15"}],"version-history":[{"count":5,"href":"https:\/\/ifl.jigo.lu\/index.php?rest_route=\/wp\/v2\/pages\/15\/revisions"}],"predecessor-version":[{"id":77,"href":"https:\/\/ifl.jigo.lu\/index.php?rest_route=\/wp\/v2\/pages\/15\/revisions\/77"}],"wp:attachment":[{"href":"https:\/\/ifl.jigo.lu\/index.php?rest_route=%2Fwp%2Fv2%2Fmedia&parent=15"}],"curies":[{"name":"wp","href":"https:\/\/api.w.org\/{rel}","templated":true}]}}