{"id":13,"date":"2026-02-11T14:39:07","date_gmt":"2026-02-11T14:39:07","guid":{"rendered":"https:\/\/ifl.jigo.lu\/?page_id=13"},"modified":"2026-02-11T16:36:01","modified_gmt":"2026-02-11T15:36:01","slug":"indiaca","status":"publish","type":"page","link":"https:\/\/ifl.jigo.lu\/?page_id=13","title":{"rendered":"Indiaca"},"content":{"rendered":"\n<h2 class=\"wp-block-heading\">De Sport<\/h2>\n\n\n\n<p>Indiaca ass en Team-Sport, deen w\u00e9i Volleyball gespillt g\u00ebtt. Et ginn just ger\u00e9ng, mee awer wesentlech \u00cbnnerscheeder zum Volleyball:<\/p>\n\n\n\n<p>Den \u00e9ischte an wuel wichtegsten \u00cbnnerscheed ass den Spillapparat, deen am Indiaca keen Ball, mee eng Indiaca-Fieder ass. Den Indiaca ass en 25cm groussen Fiederball, deen mat der flaacher Hand geschloen g\u00ebtt.<br>Iwwert den Schlopolster sinn, duerch en Verbindungsst\u00e9ck aus Kunststoff verbonnen, 4 Fiederen befestegt, d\u00e9i bewierken dass \u00ebmmer schlogerecht mam Schlopolster virun op den Matspiller, resp. G\u00e9igner gespillt g\u00ebtt.<\/p>\n\n\n\n<p>Den zweeten \u00cbnnerscheed ass d\u2019Unzuel un Spiller. W\u00e4hrend am Volleyball 6 Spiller um Terrain stinn, sinn et am Indiaca \u201cjust\u201d 5.<br>Dow\u00e9inst ass och den Terrain m\u00e9i kl\u00e9ng.<br>Soss kann een, mat Volleyballkenntnisser an dem Bewosstsinn vun den kl\u00e9ngen \u00cbnnerscheeder, sech schnell un d\u2019Indiaca-Spill gewinnen.<\/p>\n\n\n\n<p>Wat allerd\u00e9ngs net an 5 Minutten l\u00e9ieren kann, ass d\u2019Ballgefill fir den Indiaca. Well d\u2019Fieder net intuitiv w\u00e9i en normalen Ball ze spillen ass. Mee mat e b\u00ebssen \u00dcbung klappt dat schonn.<\/p>\n\n\n\n<p><\/p>\n","protected":false},"excerpt":{"rendered":"<p>De Sport Indiaca ass en Team-Sport, deen w\u00e9i Volleyball gespillt g\u00ebtt. Et ginn just ger\u00e9ng, [&hellip;]<\/p>\n","protected":false},"author":1,"featured_media":42,"parent":0,"menu_order":0,"comment_status":"closed","ping_status":"closed","template":"template-full-width.php","meta":{"footnotes":""},"class_list":["post-13","page","type-page","status-publish","has-post-thumbnail","hentry"],"_links":{"self":[{"href":"https:\/\/ifl.jigo.lu\/index.php?rest_route=\/wp\/v2\/pages\/13","targetHints":{"allow":["GET"]}}],"collection":[{"href":"https:\/\/ifl.jigo.lu\/index.php?rest_route=\/wp\/v2\/pages"}],"about":[{"href":"https:\/\/ifl.jigo.lu\/index.php?rest_route=\/wp\/v2\/types\/page"}],"author":[{"embeddable":true,"href":"https:\/\/ifl.jigo.lu\/index.php?rest_route=\/wp\/v2\/users\/1"}],"replies":[{"embeddable":true,"href":"https:\/\/ifl.jigo.lu\/index.php?rest_route=%2Fwp%2Fv2%2Fcomments&post=13"}],"version-history":[{"count":3,"href":"https:\/\/ifl.jigo.lu\/index.php?rest_route=\/wp\/v2\/pages\/13\/revisions"}],"predecessor-version":[{"id":46,"href":"https:\/\/ifl.jigo.lu\/index.php?rest_route=\/wp\/v2\/pages\/13\/revisions\/46"}],"wp:featuredmedia":[{"embeddable":true,"href":"https:\/\/ifl.jigo.lu\/index.php?rest_route=\/wp\/v2\/media\/42"}],"wp:attachment":[{"href":"https:\/\/ifl.jigo.lu\/index.php?rest_route=%2Fwp%2Fv2%2Fmedia&parent=13"}],"curies":[{"name":"wp","href":"https:\/\/api.w.org\/{rel}","templated":true}]}}